{"id":25,"date":"2019-12-28T18:46:49","date_gmt":"2019-12-28T18:46:49","guid":{"rendered":"http:\/\/gf-landsbyen.dk.linux13.dandomainserver.dk\/?page_id=25"},"modified":"2025-08-29T09:31:03","modified_gmt":"2025-08-29T09:31:03","slug":"udlan-leje","status":"publish","type":"page","link":"https:\/\/gf-landsbyen.dk\/?page_id=25","title":{"rendered":"Udl\u00e5n\/Leje"},"content":{"rendered":"\n<p class=\"has-medium-font-size\">I foreningen har vi mulighed for at l\u00e5ne eller leje lidt forskelligt, husk at melde tilbage hvis noget mangler eller er er g\u00e5et i stykker. <\/p>\n\n\n\n<p class=\"has-medium-font-size\">Ikke at levere de l\u00e5nte videre uden aftale med n\u00f8gleudl\u00e5nerne. <br><\/p>\n\n\n\n<h2 class=\"wp-block-heading\">Teltleje<\/h2>\n\n\n\n<p class=\"has-medium-font-size\">Vi har mulighed for at leje vores store festtelt, teltet m\u00e5ler 5*10 meter og huser 50 siddende g\u00e6ster.<br>Leje af festteltet er 300,00 kr. som bedes indbetalt 1 uge f\u00f8r det skal lejes. <br><br>Bel\u00f8bet indbetales p\u00e5 Reg. nr. 0400 kontonr. 1100415249 <br>M\u00e6rk betalingen KVxx. <br>N\u00f8glen til skuret udleveres n\u00e5r bel\u00f8bet er indbetalt, skulle aftalen falde sammen med en ferie aftales hvordan n\u00f8glen kan overdrages.<\/p>\n\n\n\n<p class=\"has-medium-font-size\">Samle vejledningen for teltet inkl. bundrammen er her: <\/p>\n\n\n\n<div class=\"wp-block-file\"><a id=\"wp-block-file--media-2e2faff6-8016-40d5-8697-ba809cc333b9\" href=\"https:\/\/gf-landsbyen.dk\/wp-content\/uploads\/2020\/04\/Vejledning_5x10m_telt.pdf\">Vejledning_5x10m_telt<\/a><a href=\"https:\/\/gf-landsbyen.dk\/wp-content\/uploads\/2020\/04\/Vejledning_5x10m_telt.pdf\" class=\"wp-block-file__button wp-element-button\" download aria-describedby=\"wp-block-file--media-2e2faff6-8016-40d5-8697-ba809cc333b9\">Hent<\/a><\/div>\n\n\n\n<p class=\"has-medium-font-size\">Et par gode r\u00e5d, der skal f\u00f8lges:<br>-PVC teltdugen og siderne skal altid v\u00e6re helt t\u00f8r f\u00f8r de foldes sammen og pakkes i b\u00e6reposerne. Dette for at undg\u00e5 stank af muggent telt for den n\u00e6ste lejer af teltet<br>-Der sker slitage, n\u00e5r noget anvendes mange gange, s\u00e5 sig til undertegnede, hvis noget er g\u00e5et i stykker eller mangler. Det er lidt \u00e6rgerligt for den n\u00e6ste lejere at der mangler en komponent eller 2 og forretningen er lukket. <br>-Overteltet og siderne er i hyndeboksen<br>-Alt skal efter endt brug til vores opbevaringsskur ved legepladsen. Der er opsat kroge til at h\u00e6nge b\u00e6reposerne op i, s\u00e5 det ikke skal st\u00e5 p\u00e5 jorden. Plastik kassen med pl\u00f8kker, barduner stormsp\u00e6ndeb\u00e5nd m.m. skal st\u00e5 p\u00e5 jorden.<\/p>\n\n\n\n<p class=\"has-medium-font-size\"><br>Stillads<\/p>\n\n\n\n<p class=\"has-medium-font-size\">Det er ogs\u00e5 muligt at l\u00e5ne vores stillads, s\u00e5 er det noget nemmere at n\u00e5 at male helt op i spidsen af taget.<\/p>\n\n\n\n<div class=\"wp-block-file\"><a id=\"wp-block-file--media-424a5415-024e-4134-8a18-80f273485153\" href=\"https:\/\/gf-landsbyen.dk\/wp-content\/uploads\/2020\/04\/Vejledning_rullestillads.pdf\">Vejledning_rullestillads<\/a><a href=\"https:\/\/gf-landsbyen.dk\/wp-content\/uploads\/2020\/04\/Vejledning_rullestillads.pdf\" class=\"wp-block-file__button wp-element-button\" download aria-describedby=\"wp-block-file--media-424a5415-024e-4134-8a18-80f273485153\">Hent<\/a><\/div>\n\n\n\n<h2 class=\"wp-block-heading\">Stiger<\/h2>\n\n\n\n<p class=\"has-medium-font-size\">Endelig har vi ogs\u00e5 to stiger der kan l\u00e5nes af medlemmerne i foreningen.<\/p>\n\n\n\n<h2 class=\"wp-block-heading\">Kontakt<\/h2>\n\n\n\n<p class=\"has-medium-font-size\">Ring til Jesper tlf.: 2824 5437 , Nikolej 28894710 Eller Torben 61427143<\/p>\n\n\n\n<p><\/p>\n","protected":false},"excerpt":{"rendered":"<p>I foreningen har vi mulighed for at l\u00e5ne eller leje lidt forskelligt, husk at melde tilbage hvis noget mangler eller er er g\u00e5et i stykker. Ikke at levere de l\u00e5nte videre uden aftale med n\u00f8gleudl\u00e5nerne. Teltleje Vi har mulighed for at leje vores store festtelt, teltet m\u00e5ler 5*10 meter og huser 50 siddende g\u00e6ster.Leje af<span class=\"post-excerpt-end\">&hellip;<\/span><\/p>\n<p class=\"more-link\"><a href=\"https:\/\/gf-landsbyen.dk\/?page_id=25\" class=\"themebutton\">Read More<\/a><\/p>\n","protected":false},"author":1,"featured_media":0,"parent":0,"menu_order":0,"comment_status":"closed","ping_status":"closed","template":"","meta":{"footnotes":""},"class_list":["post-25","page","type-page","status-publish","hentry"],"_links":{"self":[{"href":"https:\/\/gf-landsbyen.dk\/index.php?rest_route=\/wp\/v2\/pages\/25","targetHints":{"allow":["GET"]}}],"collection":[{"href":"https:\/\/gf-landsbyen.dk\/index.php?rest_route=\/wp\/v2\/pages"}],"about":[{"href":"https:\/\/gf-landsbyen.dk\/index.php?rest_route=\/wp\/v2\/types\/page"}],"author":[{"embeddable":true,"href":"https:\/\/gf-landsbyen.dk\/index.php?rest_route=\/wp\/v2\/users\/1"}],"replies":[{"embeddable":true,"href":"https:\/\/gf-landsbyen.dk\/index.php?rest_route=%2Fwp%2Fv2%2Fcomments&post=25"}],"version-history":[{"count":20,"href":"https:\/\/gf-landsbyen.dk\/index.php?rest_route=\/wp\/v2\/pages\/25\/revisions"}],"predecessor-version":[{"id":625,"href":"https:\/\/gf-landsbyen.dk\/index.php?rest_route=\/wp\/v2\/pages\/25\/revisions\/625"}],"wp:attachment":[{"href":"https:\/\/gf-landsbyen.dk\/index.php?rest_route=%2Fwp%2Fv2%2Fmedia&parent=25"}],"curies":[{"name":"wp","href":"https:\/\/api.w.org\/{rel}","templated":true}]}}