{"id":101,"date":"2019-12-28T19:33:36","date_gmt":"2019-12-28T19:33:36","guid":{"rendered":"http:\/\/gf-landsbyen.dk.linux13.dandomainserver.dk\/?page_id=101"},"modified":"2024-04-25T16:59:37","modified_gmt":"2024-04-25T16:59:37","slug":"velkommen","status":"publish","type":"page","link":"https:\/\/gf-landsbyen.dk\/?page_id=101","title":{"rendered":"Velkommen"},"content":{"rendered":"\n<p class=\"has-medium-font-size\">Velkommen til vores Grundejerforeningen Landsbyens hjemmeside. <\/p>\n\n\n\n<p class=\"has-medium-font-size\">Du vil p\u00e5 hjemmesiden kunne se, hvem bestyrelsen er samt l\u00e6se referater fra bestyrelsesm\u00f8der og generalforsamlinger. Du vil ogs\u00e5 kunne l\u00e6se vedt\u00e6gter, budgetter og regnskaber, alt sammen finder du p\u00e5 Bestyrelsessiden. <\/p>\n\n\n\n<p class=\"has-medium-font-size\">Bem\u00e6rk at Grundejerforeningen har flere ting som du kan l\u00e5ne\/leje, se mere p\u00e5 siden om Udl\u00e5n\/leje.<\/p>\n\n\n\n<p class=\"has-medium-font-size\">Vi arbejder hele tiden p\u00e5 at f\u00e5 gjort siden s\u00e5 brugervenlig som muligt, men har du tilbagemeldinger p\u00e5 hjemmesidens funktionalitet er du velkommen til at kontakte bestyrelsens IT ansvarlige p\u00e5 KV 39.<\/p>\n\n\n\n<p><\/p>\n","protected":false},"excerpt":{"rendered":"<p>Velkommen til vores Grundejerforeningen Landsbyens hjemmeside. Du vil p\u00e5 hjemmesiden kunne se, hvem bestyrelsen er samt l\u00e6se referater fra bestyrelsesm\u00f8der og generalforsamlinger. Du vil ogs\u00e5 kunne l\u00e6se vedt\u00e6gter, budgetter og regnskaber, alt sammen finder du p\u00e5 Bestyrelsessiden. Bem\u00e6rk at Grundejerforeningen har flere ting som du kan l\u00e5ne\/leje, se mere p\u00e5 siden om Udl\u00e5n\/leje. Vi arbejder<span class=\"post-excerpt-end\">&hellip;<\/span><\/p>\n<p class=\"more-link\"><a href=\"https:\/\/gf-landsbyen.dk\/?page_id=101\" class=\"themebutton\">Read More<\/a><\/p>\n","protected":false},"author":1,"featured_media":0,"parent":0,"menu_order":0,"comment_status":"closed","ping_status":"closed","template":"","meta":{"footnotes":""},"class_list":["post-101","page","type-page","status-publish","hentry"],"_links":{"self":[{"href":"https:\/\/gf-landsbyen.dk\/index.php?rest_route=\/wp\/v2\/pages\/101","targetHints":{"allow":["GET"]}}],"collection":[{"href":"https:\/\/gf-landsbyen.dk\/index.php?rest_route=\/wp\/v2\/pages"}],"about":[{"href":"https:\/\/gf-landsbyen.dk\/index.php?rest_route=\/wp\/v2\/types\/page"}],"author":[{"embeddable":true,"href":"https:\/\/gf-landsbyen.dk\/index.php?rest_route=\/wp\/v2\/users\/1"}],"replies":[{"embeddable":true,"href":"https:\/\/gf-landsbyen.dk\/index.php?rest_route=%2Fwp%2Fv2%2Fcomments&post=101"}],"version-history":[{"count":11,"href":"https:\/\/gf-landsbyen.dk\/index.php?rest_route=\/wp\/v2\/pages\/101\/revisions"}],"predecessor-version":[{"id":508,"href":"https:\/\/gf-landsbyen.dk\/index.php?rest_route=\/wp\/v2\/pages\/101\/revisions\/508"}],"wp:attachment":[{"href":"https:\/\/gf-landsbyen.dk\/index.php?rest_route=%2Fwp%2Fv2%2Fmedia&parent=101"}],"curies":[{"name":"wp","href":"https:\/\/api.w.org\/{rel}","templated":true}]}}